{"id":1311,"date":"2022-09-09T14:46:04","date_gmt":"2022-09-09T12:46:04","guid":{"rendered":"http:\/\/dps-group.pl\/getcreative.pl_2022\/?page_id=1311"},"modified":"2022-10-18T20:57:18","modified_gmt":"2022-10-18T18:57:18","slug":"1311-2","status":"publish","type":"page","link":"https:\/\/getcreative.pl\/index.php\/1311-2\/","title":{"rendered":"POLIGRAFIA"},"content":{"rendered":"<div class=\"fusion-fullwidth fullwidth-box fusion-builder-row-1 fusion-flex-container nonhundred-percent-fullwidth non-hundred-percent-height-scrolling\" style=\"background-color: var(--awb-color7);background-position: center center;background-repeat: no-repeat;border-width: 0px 0px 0px 0px;border-color:rgba(255,255,255,0);border-style:solid;\" ><div class=\"fusion-builder-row fusion-row fusion-flex-align-items-flex-start\" style=\"max-width:1216.8px;margin-left: calc(-4% \/ 2 );margin-right: calc(-4% \/ 2 );\"><div class=\"fusion-layout-column fusion_builder_column fusion-builder-column-0 fusion_builder_column_1_3 1_3 fusion-flex-column\"><div class=\"fusion-column-wrapper fusion-flex-justify-content-flex-start fusion-content-layout-column\" style=\"background-position:left top;background-repeat:no-repeat;-webkit-background-size:cover;-moz-background-size:cover;-o-background-size:cover;background-size:cover;padding: 0px 0px 0px 0px;\"><div class=\"fusion-flip-boxes flip-boxes row fusion-columns-1 flip-effect-classic\"><div class=\"fusion-flip-box-wrapper fusion-column col-lg-12 col-md-12 col-sm-12\"><div class=\"fusion-flip-box flip-right\" tabindex=\"0\"><div class=\"flip-box-inner-wrapper\"><div class=\"flip-box-front\" style=\"background-color:#a0a0a0;border-color:rgba(0,0,0,0);border-radius:6px;border-style:solid;border-width:1px;color:var(--awb-color3);transition-duration:0.8s;background-image: url(&#039;https:\/\/getcreative.pl\/wp-content\/uploads\/2022\/10\/FAVI_180X180.jpg&#039;);\"><div class=\"flip-box-front-inner\"><\/div><\/div><div class=\"flip-box-back\" style=\"background-color:var(--awb-color5);border-color:rgba(0,0,0,0);border-radius:6px;border-style:solid;border-width:1px;color:hsla(var(--awb-color1-h),var(--awb-color1-s),var(--awb-color1-l),calc(var(--awb-color1-a) - 20%));transition-duration:0.8s;\"><div class=\"flip-box-back-inner\"><h3 class=\"flip-box-heading-back\" style=\"color:var(--awb-color1);\">Wizyt\u00f3wki<\/h3>\n<p style=\"text-align: left;\">kilkana\u015bcie rodzaj\u00f3w papier\u00f3w<br \/>\nfolia b\u0142yszcz\u0105ca, matowa i soft touch<br \/>\nlakier UV, z\u0142ocenie<\/p>\n<p style=\"text-align: right;\"><a href=\"...\/index.php\/portfolio-items\/wizytowki\/\">&gt;&gt; wi\u0119cej<\/a><\/p>\n<\/div><\/div><\/div><\/div><\/div><div class=\"fusion-flip-box-wrapper fusion-column col-lg-12 col-md-12 col-sm-12\"><div class=\"fusion-flip-box flip-right\" tabindex=\"0\"><div class=\"flip-box-inner-wrapper\"><div class=\"flip-box-front\" style=\"background-color:var(--awb-color7);border-color:rgba(0,0,0,0);border-radius:6px;border-style:solid;border-width:1px;color:var(--awb-color3);transition-duration:0.8s;background-image: url(&#039;https:\/\/getcreative.pl\/wp-content\/uploads\/2022\/10\/FAVI_180X180.jpg&#039;);\"><div class=\"flip-box-front-inner\"><\/div><\/div><div class=\"flip-box-back\" style=\"background-color:var(--awb-color5);border-color:rgba(0,0,0,0);border-radius:6px;border-style:solid;border-width:1px;color:hsla(var(--awb-color1-h),var(--awb-color1-s),var(--awb-color1-l),calc(var(--awb-color1-a) - 20%));transition-duration:0.8s;\"><div class=\"flip-box-back-inner\"><h3 class=\"flip-box-heading-back\" style=\"color:var(--awb-color1);\">Opakowania<\/h3>\n<p>r\u00f3\u017cne formaty i kszta\u0142ty<br \/>\nr\u00f3\u017cne rodzaje surowc\u00f3w<br \/>\nzadrukowane ju\u017c od kilku sztuk<\/p>\n<\/div><\/div><\/div><\/div><\/div><div class=\"fusion-flip-box-wrapper fusion-column col-lg-12 col-md-12 col-sm-12\"><div class=\"fusion-flip-box flip-right\" tabindex=\"0\"><div class=\"flip-box-inner-wrapper\"><div class=\"flip-box-front\" style=\"background-color:var(--awb-color7);border-color:rgba(0,0,0,0);border-radius:6px;border-style:solid;border-width:1px;color:var(--awb-color3);transition-duration:0.8s;background-image: url(&#039;https:\/\/getcreative.pl\/wp-content\/uploads\/2022\/10\/FAVI_180X180.jpg&#039;);\"><div class=\"flip-box-front-inner\"><\/div><\/div><div class=\"flip-box-back\" style=\"background-color:var(--awb-color5);border-color:rgba(0,0,0,0);border-radius:6px;border-style:solid;border-width:1px;color:hsla(var(--awb-color1-h),var(--awb-color1-s),var(--awb-color1-l),calc(var(--awb-color1-a) - 20%));transition-duration:0.8s;\"><div class=\"flip-box-back-inner\"><h3 class=\"flip-box-heading-back\" style=\"color:var(--awb-color1);\">Notesy<\/h3>\n<p>klejone z ok\u0142adk\u0105 lub bez<br \/>\nspiralowane<br \/>\nr\u00f3\u017cne formaty<\/p>\n<\/div><\/div><\/div><\/div><\/div><div class=\"fusion-flip-box-wrapper fusion-column col-lg-12 col-md-12 col-sm-12\"><div class=\"fusion-flip-box flip-right\" tabindex=\"0\"><div class=\"flip-box-inner-wrapper\"><div class=\"flip-box-front\" style=\"background-color:var(--awb-color7);border-color:rgba(0,0,0,0);border-radius:6px;border-style:solid;border-width:1px;color:var(--awb-color3);transition-duration:0.8s;background-image: url(&#039;https:\/\/getcreative.pl\/wp-content\/uploads\/2022\/10\/FAVI_180X180.jpg&#039;);\"><div class=\"flip-box-front-inner\"><\/div><\/div><div class=\"flip-box-back\" style=\"background-color:var(--awb-color5);border-color:rgba(0,0,0,0);border-radius:6px;border-style:solid;border-width:1px;color:hsla(var(--awb-color1-h),var(--awb-color1-s),var(--awb-color1-l),calc(var(--awb-color1-a) - 20%));transition-duration:0.8s;\"><div class=\"flip-box-back-inner\"><h3 class=\"flip-box-heading-back\" style=\"color:var(--awb-color1);\">Kalendarze<\/h3>\n<p>ksi\u0105\u017ckowe z r\u00f3\u017cnym wyko\u0144czeniem<br \/>\njedno- i tr\u00f3jdzielne<br \/>\nspriralowane<\/p>\n<\/div><\/div><\/div><\/div><\/div><div class=\"fusion-flip-box-wrapper fusion-column col-lg-12 col-md-12 col-sm-12\"><div class=\"fusion-flip-box flip-right\" tabindex=\"0\"><div class=\"flip-box-inner-wrapper\"><div class=\"flip-box-front\" style=\"background-color:var(--awb-color7);border-color:rgba(0,0,0,0);border-radius:6px;border-style:solid;border-width:1px;color:xcxxxxxxxxxxxxxx;transition-duration:0.8s;background-image: url(&#039;https:\/\/getcreative.pl\/wp-content\/uploads\/2022\/10\/FAVI_180X180.jpg&#039;);\"><div class=\"flip-box-front-inner\"><\/div><\/div><div class=\"flip-box-back\" style=\"background-color:var(--awb-color5);border-color:rgba(0,0,0,0);border-radius:6px;border-style:solid;border-width:1px;color:hsla(var(--awb-color1-h),var(--awb-color1-s),var(--awb-color1-l),calc(var(--awb-color1-a) - 20%));transition-duration:0.8s;\"><div class=\"flip-box-back-inner\"><h3 class=\"flip-box-heading-back\" style=\"color:var(--awb-color1);\">Metki dsdsada<\/h3>\n<p>Metki<br \/>\nMetki<br \/>\nMetki<\/p>\n<\/div><\/div><\/div><\/div><\/div><\/div><\/div><style type=\"text\/css\">.fusion-body .fusion-builder-column-0{width:33.333333333333% !important;margin-top : 0px;margin-bottom : 0px;}.fusion-builder-column-0 > .fusion-column-wrapper {padding-top : 0px !important;padding-right : 0px !important;margin-right : 5.76%;padding-bottom : 0px !important;padding-left : 0px !important;margin-left : 5.76%;}@media only screen and (max-width:800px) {.fusion-body .fusion-builder-column-0{width:100% !important;order : 0;}.fusion-builder-column-0 > .fusion-column-wrapper {margin-right : 1.92%;margin-left : 1.92%;}}@media only screen and (max-width:640px) {.fusion-body .fusion-builder-column-0{width:100% !important;order : 0;}.fusion-builder-column-0 > .fusion-column-wrapper {margin-right : 1.92%;margin-left : 1.92%;}}<\/style><\/div><div class=\"fusion-layout-column fusion_builder_column fusion-builder-column-1 fusion_builder_column_1_3 1_3 fusion-flex-column\"><div class=\"fusion-column-wrapper fusion-flex-justify-content-flex-start fusion-content-layout-column\" style=\"background-position:left top;background-repeat:no-repeat;-webkit-background-size:cover;-moz-background-size:cover;-o-background-size:cover;background-size:cover;padding: 0px 0px 0px 0px;\"><div class=\"fusion-flip-boxes flip-boxes row fusion-columns-1 flip-effect-classic\"><div class=\"fusion-flip-box-wrapper fusion-column col-lg-12 col-md-12 col-sm-12\"><div class=\"fusion-flip-box flip-right\" tabindex=\"0\"><div class=\"flip-box-inner-wrapper\"><div class=\"flip-box-front\" style=\"background-color:var(--awb-color7);border-color:rgba(0,0,0,0);border-radius:6px;border-style:solid;border-width:1px;color:var(--awb-color3);transition-duration:0.8s;background-image: url(&#039;https:\/\/getcreative.pl\/wp-content\/uploads\/2022\/10\/FAVI_180X180.jpg&#039;);\"><div class=\"flip-box-front-inner\"><\/div><\/div><div class=\"flip-box-back\" style=\"background-color:var(--awb-color5);border-color:rgba(0,0,0,0);border-radius:6px;border-style:solid;border-width:1px;color:hsla(var(--awb-color1-h),var(--awb-color1-s),var(--awb-color1-l),calc(var(--awb-color1-a) - 20%));transition-duration:0.8s;\"><div class=\"flip-box-back-inner\"><h3 class=\"flip-box-heading-back\" style=\"color:var(--awb-color1);\">Ulotki<\/h3>\n<p>r\u00f3\u017cne formaty ulotek<br \/>\nkilka rodzaj\u00f3w i gramatur<br \/>\nsk\u0142adane &#8211; nawet do 100 cm<\/p>\n<\/div><\/div><\/div><\/div><\/div><div class=\"fusion-flip-box-wrapper fusion-column col-lg-12 col-md-12 col-sm-12\"><div class=\"fusion-flip-box flip-right\" tabindex=\"0\"><div class=\"flip-box-inner-wrapper\"><div class=\"flip-box-front\" style=\"background-color:var(--awb-color7);border-color:rgba(0,0,0,0);border-radius:6px;border-style:solid;border-width:1px;color:var(--awb-color3);transition-duration:0.8s;background-image: url(&#039;https:\/\/getcreative.pl\/wp-content\/uploads\/2022\/10\/FAVI_180X180.jpg&#039;);\"><div class=\"flip-box-front-inner\"><\/div><\/div><div class=\"flip-box-back\" style=\"background-color:var(--awb-color5);border-color:rgba(0,0,0,0);border-radius:6px;border-style:solid;border-width:1px;color:hsla(var(--awb-color1-h),var(--awb-color1-s),var(--awb-color1-l),calc(var(--awb-color1-a) - 20%));transition-duration:0.8s;\"><div class=\"flip-box-back-inner\"><h3 class=\"flip-box-heading-back\" style=\"color:var(--awb-color1);\">Zaproszenia<\/h3>\n<p>kilkana\u015bcie rodzaj\u00f3w papier\u00f3w<br \/>\npersonalizacja<br \/>\nlakier UV, z\u0142ocenie<\/p>\n<\/div><\/div><\/div><\/div><\/div><div class=\"fusion-flip-box-wrapper fusion-column col-lg-12 col-md-12 col-sm-12\"><div class=\"fusion-flip-box flip-right\" tabindex=\"0\"><div class=\"flip-box-inner-wrapper\"><div class=\"flip-box-front\" style=\"background-color:var(--awb-color7);border-color:rgba(0,0,0,0);border-radius:6px;border-style:solid;border-width:1px;color:var(--awb-color3);transition-duration:0.8s;background-image: url(&#039;https:\/\/getcreative.pl\/wp-content\/uploads\/2022\/10\/FAVI_180X180.jpg&#039;);\"><div class=\"flip-box-front-inner\"><\/div><\/div><div class=\"flip-box-back\" style=\"background-color:var(--awb-color5);border-color:rgba(0,0,0,0);border-radius:6px;border-style:solid;border-width:1px;color:hsla(var(--awb-color1-h),var(--awb-color1-s),var(--awb-color1-l),calc(var(--awb-color1-a) - 20%));transition-duration:0.8s;\"><div class=\"flip-box-back-inner\"><h3 class=\"flip-box-heading-back\" style=\"color:var(--awb-color1);\">Katalogi<\/h3>\n<p>szyte, klejone, spiralowane<br \/>\nr\u00f3\u017cne formaty, r\u00f3\u017cne papiery<br \/>\ndost\u0119pne ju\u017c od kilku sztuk<\/p>\n<\/div><\/div><\/div><\/div><\/div><div class=\"fusion-flip-box-wrapper fusion-column col-lg-12 col-md-12 col-sm-12\"><div class=\"fusion-flip-box flip-right\" tabindex=\"0\"><div class=\"flip-box-inner-wrapper\"><div class=\"flip-box-front\" style=\"background-color:var(--awb-color7);border-color:rgba(0,0,0,0);border-radius:6px;border-style:solid;border-width:1px;color:var(--awb-color3);transition-duration:0.8s;background-image: url(&#039;https:\/\/getcreative.pl\/wp-content\/uploads\/2022\/10\/FAVI_180X180.jpg&#039;);\"><div class=\"flip-box-front-inner\"><\/div><\/div><div class=\"flip-box-back\" style=\"background-color:var(--awb-color5);border-color:rgba(0,0,0,0);border-radius:6px;border-style:solid;border-width:1px;color:hsla(var(--awb-color1-h),var(--awb-color1-s),var(--awb-color1-l),calc(var(--awb-color1-a) - 20%));transition-duration:0.8s;\"><div class=\"flip-box-back-inner\"><h3 class=\"flip-box-heading-back\" style=\"color:var(--awb-color1);\">Teczki ofertowe<\/h3>\n<p>r\u00f3\u017cne pod\u0142o\u017ca<br \/>\nfolia b\u0142yszcz\u0105ca, matowa i soft touch<br \/>\njedno- i dwubigowe<\/p>\n<\/div><\/div><\/div><\/div><\/div><\/div><\/div><style type=\"text\/css\">.fusion-body .fusion-builder-column-1{width:33.333333333333% !important;margin-top : 0px;margin-bottom : 0px;}.fusion-builder-column-1 > .fusion-column-wrapper {padding-top : 0px !important;padding-right : 0px !important;margin-right : 5.76%;padding-bottom : 0px !important;padding-left : 0px !important;margin-left : 5.76%;}@media only screen and (max-width:800px) {.fusion-body .fusion-builder-column-1{width:100% !important;order : 0;}.fusion-builder-column-1 > .fusion-column-wrapper {margin-right : 1.92%;margin-left : 1.92%;}}@media only screen and (max-width:640px) {.fusion-body .fusion-builder-column-1{width:100% !important;order : 0;}.fusion-builder-column-1 > .fusion-column-wrapper {margin-right : 1.92%;margin-left : 1.92%;}}<\/style><\/div><div class=\"fusion-layout-column fusion_builder_column fusion-builder-column-2 fusion_builder_column_1_3 1_3 fusion-flex-column\"><div class=\"fusion-column-wrapper fusion-flex-justify-content-flex-start fusion-content-layout-column\" style=\"background-position:left top;background-repeat:no-repeat;-webkit-background-size:cover;-moz-background-size:cover;-o-background-size:cover;background-size:cover;padding: 0px 0px 0px 0px;\"><div class=\"fusion-flip-boxes flip-boxes row fusion-columns-1 flip-effect-classic\"><div class=\"fusion-flip-box-wrapper fusion-column col-lg-12 col-md-12 col-sm-12\"><div class=\"fusion-flip-box flip-right\" tabindex=\"0\"><div class=\"flip-box-inner-wrapper\"><div class=\"flip-box-front\" style=\"background-color:var(--awb-color7);border-color:rgba(0,0,0,0);border-radius:6px;border-style:solid;border-width:1px;color:var(--awb-color3);transition-duration:0.8s;background-image: url(&#039;https:\/\/getcreative.pl\/wp-content\/uploads\/2022\/10\/FAVI_180X180.jpg&#039;);\"><div class=\"flip-box-front-inner\"><\/div><\/div><div class=\"flip-box-back\" style=\"background-color:var(--awb-color5);border-color:rgba(0,0,0,0);border-radius:6px;border-style:solid;border-width:1px;color:hsla(var(--awb-color1-h),var(--awb-color1-s),var(--awb-color1-l),calc(var(--awb-color1-a) - 20%));transition-duration:0.8s;\"><div class=\"flip-box-back-inner\"><h3 class=\"flip-box-heading-back\" style=\"color:var(--awb-color1);\">Plakaty<\/h3>\n<p>wiele format\u00f3w, ma\u0142o- i wielkoformatowe<br \/>\nkilka rodzaj\u00f3w papier\u00f3w<br \/>\nju\u017c od 1 sztuki<\/p>\n<\/div><\/div><\/div><\/div><\/div><div class=\"fusion-flip-box-wrapper fusion-column col-lg-12 col-md-12 col-sm-12\"><div class=\"fusion-flip-box flip-right\" tabindex=\"0\"><div class=\"flip-box-inner-wrapper\"><div class=\"flip-box-front\" style=\"background-color:var(--awb-color7);border-color:rgba(0,0,0,0);border-radius:6px;border-style:solid;border-width:1px;color:var(--awb-color3);transition-duration:0.8s;background-image: url(&#039;https:\/\/getcreative.pl\/wp-content\/uploads\/2022\/10\/FAVI_180X180.jpg&#039;);\"><div class=\"flip-box-front-inner\"><\/div><\/div><div class=\"flip-box-back\" style=\"background-color:var(--awb-color5);border-color:rgba(0,0,0,0);border-radius:6px;border-style:solid;border-width:1px;color:hsla(var(--awb-color1-h),var(--awb-color1-s),var(--awb-color1-l),calc(var(--awb-color1-a) - 20%));transition-duration:0.8s;\"><div class=\"flip-box-back-inner\"><h3 class=\"flip-box-heading-back\" style=\"color:var(--awb-color1);\">Etykiety i naklejki<\/h3>\n<p>papier lub folia<br \/>\nwycinane po kszta\u0142cie<br \/>\ndost\u0119pne ju\u017c od kilku sztuk<\/p>\n<\/div><\/div><\/div><\/div><\/div><div class=\"fusion-flip-box-wrapper fusion-column col-lg-12 col-md-12 col-sm-12\"><div class=\"fusion-flip-box flip-right\" tabindex=\"0\"><div class=\"flip-box-inner-wrapper\"><div class=\"flip-box-front\" style=\"background-color:var(--awb-color7);border-color:rgba(0,0,0,0);border-radius:6px;border-style:solid;border-width:1px;color:var(--awb-color3);transition-duration:0.8s;background-image: url(&#039;https:\/\/getcreative.pl\/wp-content\/uploads\/2022\/10\/FAVI_180X180.jpg&#039;);\"><div class=\"flip-box-front-inner\"><\/div><\/div><div class=\"flip-box-back\" style=\"background-color:var(--awb-color5);border-color:rgba(0,0,0,0);border-radius:6px;border-style:solid;border-width:1px;color:hsla(var(--awb-color1-h),var(--awb-color1-s),var(--awb-color1-l),calc(var(--awb-color1-a) - 20%));transition-duration:0.8s;\"><div class=\"flip-box-back-inner\"><h3 class=\"flip-box-heading-back\" style=\"color:var(--awb-color1);\">Koperty<\/h3>\n<p>r\u00f3\u017cne formaty, z okienkiem lub bez<br \/>\npersonalizowane<br \/>\nstandardowe i ozdobne<\/p>\n<\/div><\/div><\/div><\/div><\/div><div class=\"fusion-flip-box-wrapper fusion-column col-lg-12 col-md-12 col-sm-12\"><div class=\"fusion-flip-box flip-right\" tabindex=\"0\"><div class=\"flip-box-inner-wrapper\"><div class=\"flip-box-front\" style=\"background-color:var(--awb-color7);border-color:rgba(0,0,0,0);border-radius:6px;border-style:solid;border-width:1px;color:var(--awb-color3);transition-duration:0.8s;background-image: url(&#039;https:\/\/getcreative.pl\/wp-content\/uploads\/2022\/10\/FAVI_180X180.jpg&#039;);\"><div class=\"flip-box-front-inner\"><\/div><\/div><div class=\"flip-box-back\" style=\"background-color:var(--awb-color5);border-color:rgba(0,0,0,0);border-radius:6px;border-style:solid;border-width:1px;color:hsla(var(--awb-color1-h),var(--awb-color1-s),var(--awb-color1-l),calc(var(--awb-color1-a) - 20%));transition-duration:0.8s;\"><div class=\"flip-box-back-inner\"><h3 class=\"flip-box-heading-back\" style=\"color:var(--awb-color1);\">Torby reklamowe<\/h3>\n<p>r\u00f3\u017cne formaty i pod\u0142o\u017ca<br \/>\nfoliowane i lakierowane UV<br \/>\ndost\u0119pne ju\u017c od kilku sztuk<\/p>\n<\/div><\/div><\/div><\/div><\/div><\/div><\/div><style type=\"text\/css\">.fusion-body .fusion-builder-column-2{width:33.333333333333% !important;margin-top : 0px;margin-bottom : 0px;}.fusion-builder-column-2 > .fusion-column-wrapper {padding-top : 0px !important;padding-right : 0px !important;margin-right : 5.76%;padding-bottom : 0px !important;padding-left : 0px !important;margin-left : 5.76%;}@media only screen and (max-width:800px) {.fusion-body .fusion-builder-column-2{width:100% !important;order : 0;}.fusion-builder-column-2 > .fusion-column-wrapper {margin-right : 1.92%;margin-left : 1.92%;}}@media only screen and (max-width:640px) {.fusion-body .fusion-builder-column-2{width:100% !important;order : 0;}.fusion-builder-column-2 > .fusion-column-wrapper {margin-right : 1.92%;margin-left : 1.92%;}}<\/style><\/div><\/div><style type=\"text\/css\">.fusion-fullwidth.fusion-builder-row-1 a:not(.awb-custom-text-color):not(.fusion-button):not(.fusion-builder-module-control):not(.fusion-social-network-icon):not(.fb-icon-element):not(.fusion-countdown-link):not(.fusion-rollover-link):not(.fusion-rollover-gallery):not(.fusion-button-bar):not(.add_to_cart_button):not(.show_details_button):not(.product_type_external):not(.fusion-view-cart):not(.fusion-quick-view):not(.fusion-rollover-title-link):not(.fusion-breadcrumb-link) , .fusion-fullwidth.fusion-builder-row-1 a:not(.awb-custom-text-color):not(.fusion-button):not(.fusion-builder-module-control):not(.fusion-social-network-icon):not(.fb-icon-element):not(.fusion-countdown-link):not(.fusion-rollover-link):not(.fusion-rollover-gallery):not(.fusion-button-bar):not(.add_to_cart_button):not(.show_details_button):not(.product_type_external):not(.fusion-view-cart):not(.fusion-quick-view):not(.fusion-rollover-title-link):not(.fusion-breadcrumb-link):before, .fusion-fullwidth.fusion-builder-row-1 a:not(.awb-custom-text-color):not(.fusion-button):not(.fusion-builder-module-control):not(.fusion-social-network-icon):not(.fb-icon-element):not(.fusion-countdown-link):not(.fusion-rollover-link):not(.fusion-rollover-gallery):not(.fusion-button-bar):not(.add_to_cart_button):not(.show_details_button):not(.product_type_external):not(.fusion-view-cart):not(.fusion-quick-view):not(.fusion-rollover-title-link):not(.fusion-breadcrumb-link):after {color: #ffffff;}.fusion-fullwidth.fusion-builder-row-1 a:not(.awb-custom-text-hover-color):not(.fusion-button):not(.fusion-builder-module-control):not(.fusion-social-network-icon):not(.fb-icon-element):not(.fusion-countdown-link):not(.fusion-rollover-link):not(.fusion-rollover-gallery):not(.fusion-button-bar):not(.add_to_cart_button):not(.show_details_button):not(.product_type_external):not(.fusion-view-cart):not(.fusion-quick-view):not(.fusion-rollover-title-link):not(.fusion-breadcrumb-link):hover, .fusion-fullwidth.fusion-builder-row-1 a:not(.awb-custom-text-hover-color):not(.fusion-button):not(.fusion-builder-module-control):not(.fusion-social-network-icon):not(.fb-icon-element):not(.fusion-countdown-link):not(.fusion-rollover-link):not(.fusion-rollover-gallery):not(.fusion-button-bar):not(.add_to_cart_button):not(.show_details_button):not(.product_type_external):not(.fusion-view-cart):not(.fusion-quick-view):not(.fusion-rollover-title-link):not(.fusion-breadcrumb-link):hover:before, .fusion-fullwidth.fusion-builder-row-1 a:not(.awb-custom-text-hover-color):not(.fusion-button):not(.fusion-builder-module-control):not(.fusion-social-network-icon):not(.fb-icon-element):not(.fusion-countdown-link):not(.fusion-rollover-link):not(.fusion-rollover-gallery):not(.fusion-button-bar):not(.add_to_cart_button):not(.show_details_button):not(.product_type_external):not(.fusion-view-cart):not(.fusion-quick-view):not(.fusion-rollover-title-link):not(.fusion-breadcrumb-link):hover:after {color: rgba(145,255,0,0.85);}.fusion-fullwidth.fusion-builder-row-1 .pagination a.inactive:hover, .fusion-fullwidth.fusion-builder-row-1 .fusion-filters .fusion-filter.fusion-active a {border-color: rgba(145,255,0,0.85);}.fusion-fullwidth.fusion-builder-row-1 .pagination .current {border-color: rgba(145,255,0,0.85); background-color: rgba(145,255,0,0.85);}.fusion-fullwidth.fusion-builder-row-1 .fusion-filters .fusion-filter.fusion-active a, .fusion-fullwidth.fusion-builder-row-1 .fusion-date-and-formats .fusion-format-box, .fusion-fullwidth.fusion-builder-row-1 .fusion-popover, .fusion-fullwidth.fusion-builder-row-1 .tooltip-shortcode {color: rgba(145,255,0,0.85);}#wrapper .fusion-fullwidth.fusion-builder-row-1 .fusion-widget-area .fusion-vertical-menu-widget .menu li.current_page_ancestor > a, #wrapper .fusion-fullwidth.fusion-builder-row-1 .fusion-widget-area .fusion-vertical-menu-widget .menu li.current_page_ancestor > a:before, #wrapper .fusion-fullwidth.fusion-builder-row-1 .fusion-widget-area .fusion-vertical-menu-widget .current-menu-item > a, #wrapper .fusion-fullwidth.fusion-builder-row-1 .fusion-widget-area .fusion-vertical-menu-widget .current-menu-item > a:before, #wrapper .fusion-fullwidth.fusion-builder-row-1 .fusion-widget-area .fusion-vertical-menu-widget .current_page_item > a, #wrapper .fusion-fullwidth.fusion-builder-row-1 .fusion-widget-area .fusion-vertical-menu-widget .current_page_item > a:before {color: rgba(145,255,0,0.85);}#wrapper .fusion-fullwidth.fusion-builder-row-1 .fusion-widget-area .widget_nav_menu .menu li.current_page_ancestor > a, #wrapper .fusion-fullwidth.fusion-builder-row-1 .fusion-widget-area .widget_nav_menu .menu li.current_page_ancestor > a:before, #wrapper .fusion-fullwidth.fusion-builder-row-1 .fusion-widget-area .widget_nav_menu .current-menu-item > a, #wrapper .fusion-fullwidth.fusion-builder-row-1 .fusion-widget-area .widget_nav_menu .current-menu-item > a:before, #wrapper .fusion-fullwidth.fusion-builder-row-1 .fusion-widget-area .widget_nav_menu .current_page_item > a, #wrapper .fusion-fullwidth.fusion-builder-row-1 .fusion-widget-area .widget_nav_menu .current_page_item > a:before {color: rgba(145,255,0,0.85);}#wrapper .fusion-fullwidth.fusion-builder-row-1 .fusion-vertical-menu-widget .menu li.current_page_item > a { border-right-color:rgba(145,255,0,0.85);border-left-color:rgba(145,255,0,0.85);}#wrapper .fusion-fullwidth.fusion-builder-row-1 .fusion-widget-area .tagcloud a:hover { color: #fff; background-color: rgba(145,255,0,0.85);border-color: rgba(145,255,0,0.85);}#main .fusion-fullwidth.fusion-builder-row-1 .post .blog-shortcode-post-title a:hover {color: rgba(145,255,0,0.85);}.fusion-body .fusion-flex-container.fusion-builder-row-1{ padding-top : 0px;margin-top : 0px;padding-right : 0px;padding-bottom : 50px;margin-bottom : 50px;padding-left : 0px;}<\/style><\/div>\n","protected":false},"excerpt":{"rendered":"","protected":false},"author":1,"featured_media":0,"parent":0,"menu_order":0,"comment_status":"closed","ping_status":"closed","template":"","meta":{"footnotes":""},"class_list":["post-1311","page","type-page","status-publish","hentry"],"_links":{"self":[{"href":"https:\/\/getcreative.pl\/index.php\/wp-json\/wp\/v2\/pages\/1311","targetHints":{"allow":["GET"]}}],"collection":[{"href":"https:\/\/getcreative.pl\/index.php\/wp-json\/wp\/v2\/pages"}],"about":[{"href":"https:\/\/getcreative.pl\/index.php\/wp-json\/wp\/v2\/types\/page"}],"author":[{"embeddable":true,"href":"https:\/\/getcreative.pl\/index.php\/wp-json\/wp\/v2\/users\/1"}],"replies":[{"embeddable":true,"href":"https:\/\/getcreative.pl\/index.php\/wp-json\/wp\/v2\/comments?post=1311"}],"version-history":[{"count":94,"href":"https:\/\/getcreative.pl\/index.php\/wp-json\/wp\/v2\/pages\/1311\/revisions"}],"predecessor-version":[{"id":1637,"href":"https:\/\/getcreative.pl\/index.php\/wp-json\/wp\/v2\/pages\/1311\/revisions\/1637"}],"wp:attachment":[{"href":"https:\/\/getcreative.pl\/index.php\/wp-json\/wp\/v2\/media?parent=1311"}],"curies":[{"name":"wp","href":"https:\/\/api.w.org\/{rel}","templated":true}]}}